{"id":1757,"date":"2025-12-17T15:45:32","date_gmt":"2025-12-17T14:45:32","guid":{"rendered":"https:\/\/www.comicconstockholm.se\/cookies\/"},"modified":"2026-01-16T16:10:24","modified_gmt":"2026-01-16T15:10:24","slug":"cookies","status":"publish","type":"page","link":"https:\/\/www.comicconstockholm.se\/en\/cookies\/","title":{"rendered":"Cookies"},"content":{"rendered":"\t\t<div data-elementor-type=\"wp-page\" data-elementor-id=\"1757\" class=\"elementor elementor-1757 elementor-846\" data-elementor-post-type=\"page\">\n\t\t\t\t\t\t<section class=\"elementor-section elementor-top-section elementor-element elementor-element-02a0071 elementor-section-boxed elementor-section-height-default elementor-section-height-default\" data-id=\"02a0071\" data-element_type=\"section\">\n\t\t\t\t\t\t<div class=\"elementor-container elementor-column-gap-default\">\n\t\t\t\t\t<div class=\"elementor-column elementor-col-100 elementor-top-column elementor-element elementor-element-5bc2479\" data-id=\"5bc2479\" data-element_type=\"column\">\n\t\t\t<div class=\"elementor-widget-wrap elementor-element-populated\">\n\t\t\t\t\t\t<section class=\"elementor-section elementor-inner-section elementor-element elementor-element-20c20ef elementor-section-full_width elementor-section-height-default elementor-section-height-default\" data-id=\"20c20ef\" data-element_type=\"section\">\n\t\t\t\t\t\t<div class=\"elementor-container elementor-column-gap-default\">\n\t\t\t\t\t<div class=\"elementor-column elementor-col-50 elementor-inner-column elementor-element elementor-element-0c5cc4e\" data-id=\"0c5cc4e\" data-element_type=\"column\">\n\t\t\t<div class=\"elementor-widget-wrap elementor-element-populated\">\n\t\t\t\t\t\t<div class=\"elementor-element elementor-element-12b6027 elementor-widget elementor-widget-heading\" data-id=\"12b6027\" data-element_type=\"widget\" data-widget_type=\"heading.default\">\n\t\t\t\t\t<h2 class=\"elementor-heading-title elementor-size-default\">EASYFAIRS COOKIE POLICY<\/h2>\t\t\t\t<\/div>\n\t\t\t\t\t<\/div>\n\t\t<\/div>\n\t\t\t\t<div class=\"elementor-column elementor-col-50 elementor-inner-column elementor-element elementor-element-b9a39f4\" data-id=\"b9a39f4\" data-element_type=\"column\">\n\t\t\t<div class=\"elementor-widget-wrap elementor-element-populated\">\n\t\t\t\t\t\t<div class=\"elementor-element elementor-element-9d1d966 elementor-view-default elementor-widget elementor-widget-icon\" data-id=\"9d1d966\" data-element_type=\"widget\" data-widget_type=\"icon.default\">\n\t\t\t\t\t\t\t<div class=\"elementor-icon-wrapper\">\n\t\t\t<div class=\"elementor-icon\">\n\t\t\t<svg aria-hidden=\"true\" class=\"e-font-icon-svg e-fas-cookie-bite\" viewBox=\"0 0 512 512\" xmlns=\"http:\/\/www.w3.org\/2000\/svg\"><path d=\"M510.52 255.82c-69.97-.85-126.47-57.69-126.47-127.86-70.17 0-127-56.49-127.86-126.45-27.26-4.14-55.13.3-79.72 12.82l-69.13 35.22a132.221 132.221 0 0 0-57.79 57.81l-35.1 68.88a132.645 132.645 0 0 0-12.82 80.95l12.08 76.27a132.521 132.521 0 0 0 37.16 72.96l54.77 54.76a132.036 132.036 0 0 0 72.71 37.06l76.71 12.15c27.51 4.36 55.7-.11 80.53-12.76l69.13-35.21a132.273 132.273 0 0 0 57.79-57.81l35.1-68.88c12.56-24.64 17.01-52.58 12.91-79.91zM176 368c-17.67 0-32-14.33-32-32s14.33-32 32-32 32 14.33 32 32-14.33 32-32 32zm32-160c-17.67 0-32-14.33-32-32s14.33-32 32-32 32 14.33 32 32-14.33 32-32 32zm160 128c-17.67 0-32-14.33-32-32s14.33-32 32-32 32 14.33 32 32-14.33 32-32 32z\"><\/path><\/svg>\t\t\t<\/div>\n\t\t<\/div>\n\t\t\t\t\t\t<\/div>\n\t\t\t\t\t<\/div>\n\t\t<\/div>\n\t\t\t\t\t<\/div>\n\t\t<\/section>\n\t\t\t\t<div class=\"elementor-element elementor-element-9df6777 elementor-widget elementor-widget-text-editor\" data-id=\"9df6777\" data-element_type=\"widget\" data-widget_type=\"text-editor.default\">\n\t\t\t\t\t\t\t\t\t<p>On our websites we use cookies and other comparable technologies. The cookies we use collect information about your use of the websites and store the information on your device. We do this to ensure that our websites function satisfactorily and are easy to use, to improve your user experience and to be able to provide you with relevant offers.<\/p>\n\t\t\t\t\t\t\t\t<\/div>\n\t\t\t\t<div class=\"elementor-element elementor-element-396c0e7 elementor-widget elementor-widget-heading\" data-id=\"396c0e7\" data-element_type=\"widget\" data-widget_type=\"heading.default\">\n\t\t\t\t\t<h2 class=\"elementor-heading-title elementor-size-default\">Your consent is needed<\/h2>\t\t\t\t<\/div>\n\t\t\t\t<div class=\"elementor-element elementor-element-335bf92 elementor-widget elementor-widget-text-editor\" data-id=\"335bf92\" data-element_type=\"widget\" data-widget_type=\"text-editor.default\">\n\t\t\t\t\t\t\t\t\t<p>You choose whether or not to accept cookies on your device. Your consent is required for the use of all cookies, except for cookies that are necessary to enable the service that you as a user have requested. You give your consent by continuing to use our websites. If you do not agree to our use of cookies, or if you have previously agreed to our use and have changed your mind, you can change your cookie settings at any time.<\/p>\n\t\t\t\t\t\t\t\t<\/div>\n\t\t\t\t<div class=\"elementor-element elementor-element-604262d elementor-widget elementor-widget-heading\" data-id=\"604262d\" data-element_type=\"widget\" data-widget_type=\"heading.default\">\n\t\t\t\t\t<h2 class=\"elementor-heading-title elementor-size-default\">What is cookies?<\/h2>\t\t\t\t<\/div>\n\t\t\t\t<div class=\"elementor-element elementor-element-c4afa72 elementor-widget elementor-widget-text-editor\" data-id=\"c4afa72\" data-element_type=\"widget\" data-widget_type=\"text-editor.default\">\n\t\t\t\t\t\t\t\t\t<p>A cookie is a small text file that is saved in your browser when you connect to a website. Some types of cookies are necessary to ensure that our websites function properly and are easy to use. Other types of cookies are used to collect information about what you do when you visit our websites.<\/p>\n\t\t\t\t\t\t\t\t<\/div>\n\t\t\t\t<div class=\"elementor-element elementor-element-6b0d899 elementor-widget elementor-widget-toggle\" data-id=\"6b0d899\" data-element_type=\"widget\" data-widget_type=\"toggle.default\">\n\t\t\t\t\t\t\t<div class=\"elementor-toggle\">\n\t\t\t\t\t\t\t<div class=\"elementor-toggle-item\">\n\t\t\t\t\t<div id=\"elementor-tab-title-1121\" class=\"elementor-tab-title\" data-tab=\"1\" role=\"button\" aria-controls=\"elementor-tab-content-1121\" aria-expanded=\"false\">\n\t\t\t\t\t\t\t\t\t\t\t\t<span class=\"elementor-toggle-icon elementor-toggle-icon-left\" aria-hidden=\"true\">\n\t\t\t\t\t\t\t\t\t\t\t\t\t\t\t<span class=\"elementor-toggle-icon-closed\"><svg class=\"e-font-icon-svg e-fas-caret-right\" viewBox=\"0 0 192 512\" xmlns=\"http:\/\/www.w3.org\/2000\/svg\"><path d=\"M0 384.662V127.338c0-17.818 21.543-26.741 34.142-14.142l128.662 128.662c7.81 7.81 7.81 20.474 0 28.284L34.142 398.804C21.543 411.404 0 402.48 0 384.662z\"><\/path><\/svg><\/span>\n\t\t\t\t\t\t\t\t<span class=\"elementor-toggle-icon-opened\"><svg class=\"elementor-toggle-icon-opened e-font-icon-svg e-fas-caret-up\" viewBox=\"0 0 320 512\" xmlns=\"http:\/\/www.w3.org\/2000\/svg\"><path d=\"M288.662 352H31.338c-17.818 0-26.741-21.543-14.142-34.142l128.662-128.662c7.81-7.81 20.474-7.81 28.284 0l128.662 128.662c12.6 12.599 3.676 34.142-14.142 34.142z\"><\/path><\/svg><\/span>\n\t\t\t\t\t\t\t\t\t\t\t\t\t<\/span>\n\t\t\t\t\t\t\t\t\t\t\t\t<a class=\"elementor-toggle-title\" tabindex=\"0\">COOKIE POLICY EASYFAIRS GROUP & RELATED SUBSIDIARIES<\/a>\n\t\t\t\t\t<\/div>\n\n\t\t\t\t\t<div id=\"elementor-tab-content-1121\" class=\"elementor-tab-content elementor-clearfix\" data-tab=\"1\" role=\"region\" aria-labelledby=\"elementor-tab-title-1121\"><p>Introduction<\/p>\n<ul>\n<li>Easyfairs International SA\/NV is the parent company of a group of companies active in live events and meeting and trade fair arrangements.<\/li>\n<li>Easyfairs International SA\/NV and its affiliated subsidiaries take the protection of the personal data of its customers (exhibitors, officials, visitors, organizers, readers, advertisers, members, partners, potential customers, etc.) very seriously. Therefore, our customers&#8217; personal data is stored securely and handled with the utmost care. This also applies to personal data of our suppliers, other stakeholders and all other parties with whom we have contact.<\/li>\n<li>Easyfairs International SA\/NV and its affiliated entities process your personal data with respect for your right to privacy and only process personal data in accordance with applicable data protection legislation, including the General Data Protection Regulation (Regulation 2016\/679, <strong>\u201cGDPR\u201d<\/strong>), Directive 2002\/58\/EC concerning the processing of personal data and the protection of privacy in the electronic communications sector (<strong>\u201cePrivacy Directive\u201d<\/strong>) and applicable national data protection laws.<\/li>\n<li>This Privacy Policy (the \u201c<strong>Policy\u201d<\/strong>) explains (i) which cookies are placed on your device and how long they remain, (ii) how you can remove cookies from your device and (iii) what rights you have with regard to such cookies.<\/li>\n<li>Contact details for the data controller<\/li>\n<li>Your personal data is processed by the following <strong>joint data controllers:<\/strong><\/li>\n<li>Easyfairs Nordic AB, with address \u00c5by Arenav\u00e4g 8A, 431 62 M\u00f6lndal, Sweden<\/li>\n<li>Easyfairs Group SA, with address Rue Saint-Lambert 135, 1200 WoluweSaint-Lambert, Belgium.<\/li>\n<\/ul>\n<p><strong>(<\/strong>Together referred to as<strong> \u201cEasyfairs\u201d, \u201cwe\u201d and \u201cus\u201d.)<\/strong><\/p>\n<ul>\n<li>If you have any questions about this cookie policy or would like to exercise your rights as mentioned in paragraph 10 of our privacy policy, please contact our local data controller Goran Bajku\u0161a, either by post at the address Easyfairs AB, \u00c5by Arenav\u00e4g 8A, 431 62 M\u00f6lndal or by email at <a href=\"mailto:PrivacySE@easyfairs.com\">PrivacySE@easyfairs.com<\/a> in the manner described in paragraph 10 of our Privacy Policy.<\/li>\n<li>You can also contact the Group Data Protection Officer at the following email address: <a href=\"mailto:dpo@easyfairs.com\">dpo@easyfairs.com<\/a>.<\/li>\n<li>WHAT is the purpose and legal basis for the data processing?<\/li>\n<li><em>Functional cookies, strictly necessary for the website to function<\/em><\/li>\n<li>We process functional cookies to fulfil our legitimate interests (Article 6, paragraph 1. f) of the GDPR), in particular for the following purposes:<\/li>\n<\/ul>\n<p>(a) measuring and optimising the performance of our website,<\/p>\n<p>(b) offering a high-performance and customised interface for visitors to our digital platforms,<\/p>\n<p>(c) using your personal data in aggregated or anonymised models to perform market analysis, financial management, marketing, reporting, big data analysis or other types of analysis.<\/p>\n<p>In the cases mentioned above, we always strive to strike a fair balance between the need to process your personal data and to protect your rights and freedoms, while respecting your privacy.<\/p>\n<ul>\n<li><em>Non-functional cookies<\/em><\/li>\n<li>We process non-functional cookies with your consent (Article 6, point 1. a) of the GDPR), in particular for the following purposes:<\/li>\n<\/ul>\n<p>(a) evaluate and optimize the quality of our online services and the user-friendliness of our digital platforms to provide you with the best possible experience,<\/p>\n<p>(b) create marketing profiles or segments for customers or potential customers, e.g. targeted marketing.<\/p>\n<ul>\n<li>YOUR RIGHTS IN RELATION TO YOUR PERSONAL DATA<\/li>\n<\/ul>\n<p>As a data subject, you can exercise the following rights in relation to your personal data.<br \/>To exercise them, please contact our local data controller, either by post or email to the addresses specified in paragraph 2.2. Please attach a copy of your ID card, passport or other valid ID document and specify what your request concerns.<\/p>\n<ul>\n<li><strong>Right of access.<\/strong> Within the framework of what is permitted by applicable laws and regulations, you can request information about whether we process your personal data and, where applicable, access them.<\/li>\n<li><strong>Right of rectification.<\/strong> You can request that we correct inaccurate and\/or complete incomplete personal data free of charge.<\/li>\n<li><strong>Right to withdraw consent.<\/strong> To the extent permitted by applicable laws and regulations, you may withdraw your consent to cookies at any time. Such withdrawal does not affect the lawfulness of processing based on your previous consent. Please note that if you withdraw your consent, you may not be able to benefit from certain service features for which the processing of your personal data is necessary.<\/li>\n<li><strong>Right to erasure.<\/strong> You may request that we erase your personal data. We will do so unless there are legal grounds for not doing so. For example, there may be an overriding legitimate reason for us to retain your personal data. This may be the case if there are legal obligations to which we are subject or if it is necessary for us to retain them in order to comply with our legal obligations.<\/li>\n<li><strong>Right to lodge a complaint with the Swedish Data Protection Authority.<\/strong> You have the right to contact the Swedish Data Protection Authority if you believe that we are processing your personal data unlawfully.<\/li>\n<li>Linked websites<\/li>\n<\/ul>\n<p>We are not responsible for the privacy policies and practices of other websites, even if you accessed the third-party website via links on our website. We recommend that you check the privacy policy of each website you visit and contact the owner or operator of such website if you have any questions or concerns.<\/p>\n<ul>\n<li>Changes to our policy<\/li>\n<\/ul>\n<p>We reserve the right to change or modify this Policy without notice to you and if we do, we will inform you of the changes on this page. It is your responsibility to check the policy each time you provide information to us or place an order.<\/p>\n<\/div>\n\t\t\t\t<\/div>\n\t\t\t\t\t\t\t\t<\/div>\n\t\t\t\t\t\t<\/div>\n\t\t\t\t<div class=\"elementor-element elementor-element-503b9df elementor-widget elementor-widget-iframe-widget\" data-id=\"503b9df\" data-element_type=\"widget\" data-widget_type=\"iframe-widget.default\">\n\t\t\t\t<div class=\"elementor-widget-container\">\n\t\t\t\t\t<script type=\"text\/javascript\" charset=\"UTF-8\"  data-cookiescriptreport=\"report\" src=\"\/\/report.cookie-script.com\/r\/590de541f04177905b039c8982c5675f.js\"><\/script>\t\t\t\t<\/div>\n\t\t\t\t<\/div>\n\t\t\t\t\t<\/div>\n\t\t<\/div>\n\t\t\t\t\t<\/div>\n\t\t<\/section>\n\t\t\t\t<\/div>\n\t\t","protected":false},"excerpt":{"rendered":"<p>EASYFAIRS COOKIE POLICY On our websites we use cookies and other comparable technologies. The cookies we use collect information about your use of the websites and store the information on your device. We do this to ensure that our websites function satisfactorily and are easy to use, to improve your user experience and to be [&hellip;]<\/p>\n","protected":false},"author":1294,"featured_media":0,"parent":0,"menu_order":0,"comment_status":"closed","ping_status":"closed","template":"elementor_header_footer","meta":{"_seopress_robots_primary_cat":"","_seopress_titles_title":"Cookies","_seopress_titles_desc":"Easyfairs Cookie Policy","_seopress_robots_index":"","footnotes":""},"class_list":["post-1757","page","type-page","status-publish","hentry"],"_links":{"self":[{"href":"https:\/\/www.comicconstockholm.se\/en\/wp-json\/wp\/v2\/pages\/1757","targetHints":{"allow":["GET"]}}],"collection":[{"href":"https:\/\/www.comicconstockholm.se\/en\/wp-json\/wp\/v2\/pages"}],"about":[{"href":"https:\/\/www.comicconstockholm.se\/en\/wp-json\/wp\/v2\/types\/page"}],"author":[{"embeddable":true,"href":"https:\/\/www.comicconstockholm.se\/en\/wp-json\/wp\/v2\/users\/1294"}],"replies":[{"embeddable":true,"href":"https:\/\/www.comicconstockholm.se\/en\/wp-json\/wp\/v2\/comments?post=1757"}],"version-history":[{"count":1,"href":"https:\/\/www.comicconstockholm.se\/en\/wp-json\/wp\/v2\/pages\/1757\/revisions"}],"predecessor-version":[{"id":1758,"href":"https:\/\/www.comicconstockholm.se\/en\/wp-json\/wp\/v2\/pages\/1757\/revisions\/1758"}],"wp:attachment":[{"href":"https:\/\/www.comicconstockholm.se\/en\/wp-json\/wp\/v2\/media?parent=1757"}],"curies":[{"name":"wp","href":"https:\/\/api.w.org\/{rel}","templated":true}]}}